
{"id":1037,"date":"2025-12-04T21:11:25","date_gmt":"2025-12-04T20:11:25","guid":{"rendered":"https:\/\/www.lacules.com\/olivenoel\/?post_type=product&#038;p=1037"},"modified":"2025-12-04T21:25:10","modified_gmt":"2025-12-04T20:25:10","slug":"lacules-premium-bio-olivenoel-pure-075-l","status":"publish","type":"product","link":"https:\/\/www.lacules.com\/olivenoel\/produkt\/lacules-premium-bio-olivenoel-pure-075-l\/","title":{"rendered":"Lacules Premium Bio Oliven\u00f6l &#8211; PURE &#8211;  0,75 L"},"content":{"rendered":"<h4>Natives Oliven\u00f6l extra \u2013 100% Koroneiki \u2013 BIO<\/h4>\n<p>Aus der aktuellen Ernte vom November 2025. Filtriert.<\/p>\n<p>Unser Oliven\u00f6l wird aus der Koroneiki Olive gewonnen, welche f\u00fcr die Mittelmeergegend in und um Koroni besonders typisch ist. Die Oliven werden ausschlie\u00dflich von Hand geerntet, wenn sie noch gr\u00fcn sind und weisen somit einen besonders hohen Anteil an gesundheitsf\u00f6rdernden Antioxidantien auf. Die Oliven werden unmittelbar nach der Ernte schonend gepresst, um diese wertvollen Inhaltsstoffe zu bewahren.<\/p>\n<p>Der Duft nach frischem Gras und die Sch\u00e4rfe und leicht bittere Note am Gaumen sind Zeichen von besonderer Frische und wichtige Qualit\u00e4tsmerkmale unseres hochwertigen Oliven\u00f6ls. Es passt hervorragend zu feinen Salaten, als w\u00fcrzige Kr\u00f6nung f\u00fcr Suppen, Pasta und Fleisch und ist auch zum Braten bestens geeignet, da man das \u00d6l aufgrund der vielen Antioxidantien sehr hoch erhitzen kann.<\/p>\n","protected":false},"excerpt":{"rendered":"<p>Bio-Oliven\u00f6l extra nativ aus Griechenland. 100% Koroneiki. Der Allrounder in der K\u00fcche f\u00fcr kalte und warme Speisen \u2013 hoch erhitzbar.<\/p>\n","protected":false},"featured_media":1038,"template":"","meta":[],"product_cat":[17],"product_tag":[],"class_list":{"0":"post-1037","1":"product","2":"type-product","3":"status-publish","4":"has-post-thumbnail","6":"product_cat-olivenoel","8":"first","9":"instock","10":"featured","11":"taxable","12":"shipping-taxable","13":"purchasable","14":"product-type-simple"},"_links":{"self":[{"href":"https:\/\/www.lacules.com\/olivenoel\/wp-json\/wp\/v2\/product\/1037","targetHints":{"allow":["GET"]}}],"collection":[{"href":"https:\/\/www.lacules.com\/olivenoel\/wp-json\/wp\/v2\/product"}],"about":[{"href":"https:\/\/www.lacules.com\/olivenoel\/wp-json\/wp\/v2\/types\/product"}],"wp:featuredmedia":[{"embeddable":true,"href":"https:\/\/www.lacules.com\/olivenoel\/wp-json\/wp\/v2\/media\/1038"}],"wp:attachment":[{"href":"https:\/\/www.lacules.com\/olivenoel\/wp-json\/wp\/v2\/media?parent=1037"}],"wp:term":[{"taxonomy":"product_cat","embeddable":true,"href":"https:\/\/www.lacules.com\/olivenoel\/wp-json\/wp\/v2\/product_cat?post=1037"},{"taxonomy":"product_tag","embeddable":true,"href":"https:\/\/www.lacules.com\/olivenoel\/wp-json\/wp\/v2\/product_tag?post=1037"}],"curies":[{"name":"wp","href":"https:\/\/api.w.org\/{rel}","templated":true}]}}