
{"id":106,"date":"2023-02-02T13:16:18","date_gmt":"2023-02-02T12:16:18","guid":{"rendered":"https:\/\/www.lacules.com\/oel\/widerrufsbelehrung\/"},"modified":"2023-03-03T10:53:54","modified_gmt":"2023-03-03T09:53:54","slug":"widerrufsbelehrung","status":"publish","type":"page","link":"https:\/\/www.lacules.com\/olivenoel\/widerrufsbelehrung\/","title":{"rendered":"Widerrufsbelehrung"},"content":{"rendered":"<h1>Widerrufsbelehrung<\/h1>\n<h6>R\u00fccktrittsrecht f\u00fcr Konsumenten nach dem Konsumentenschutzgesetz:<\/h6>\n<p><strong>(1)<\/strong> Hat der Kunde, der Verbraucher ist, seine Vertragserkl\u00e4rung weder in den von uns f\u00fcr unsere gesch\u00e4ftlichen Zwecke dauernd ben\u00fctzten R\u00e4umen noch bei einem von uns daf\u00fcr auf einer Messe oder einem Markt ben\u00fctzten Stand abgegeben, so kann er von seinem Vertragsantrag oder vom Vertrag binnen 14 Tagen zur\u00fccktreten. Dieser R\u00fccktritt kann bis zum Zustandekommen des Vertrags oder danach binnen 14 Tagen erkl\u00e4rt werden. Die Frist beginnt mit der Ausfolgung einer Urkunde an den Verbraucher zu laufen, die zumindest unseren Namen und unsere Anschrift sowie eine Information \u00fcber das R\u00fccktrittsrecht enth\u00e4lt, fr\u00fchestens jedoch mit dem Zustandekommen des Vertrages; bei Kaufvertr\u00e4gen \u00fcber Waren beginnt der Fristenlauf fr\u00fchestens mit dem Tag, an dem der Verbraucher den Besitz der Ware erlangt. Ist die Ausfolgung einer solchen Urkunde unterblieben, so verl\u00e4ngert sich die R\u00fccktrittsfrist um zw\u00f6lf Monate. Wenn wir die Urkundenausfolgung innerhalb von zw\u00f6lf Monaten ab dem Fristbeginn nachholen, endet die R\u00fccktrittsfrist 14 Tage nach dem Zeitpunkt, zu dem der Verbraucher die Urkunde erh\u00e4lt.<\/p>\n<p><strong>(2)<\/strong> Das R\u00fccktrittsrecht steht dem Verbraucher nicht zu, wenn er selbst die gesch\u00e4ftliche Verbindung mit uns angebahnt hat oder dem Zustandekommen des Vertrages keine Besprechungen zwischen den Beteiligten vorangegangen sind oder bei Vertragserkl\u00e4rungen, die der Verbraucher in k\u00f6rperlicher Abwesenheit des Unternehmers abgegeben hat, es sei denn, dass er dazu vom Unternehmer gedr\u00e4ngt worden ist.<\/p>\n<p><strong>(3)<\/strong> Die Erkl\u00e4rung des R\u00fccktritts ist an keine bestimmte Form gebunden. Die R\u00fccktrittsfrist ist gewahrt, wenn die R\u00fccktrittserkl\u00e4rung innerhalb der Frist abgesendet wird.<\/p>\n<p><strong>(4)<\/strong> Der Verbraucher kann von seinem Vertragsantrag oder vom Vertrag weiters zur\u00fccktreten, wenn ohne seine Veranlassung f\u00fcr seine Einwilligung ma\u00dfgebliche Umst\u00e4nde, wie z.B. Zustimmung Dritter, Aussicht auf steuerliche Vorteile oder \u00f6ffentliche F\u00f6rderungen oder einen Kredit, die wir im Zuge der Vertragsverhandlungen als wahrscheinlich dargestellt haben, nicht oder nur in erheblich geringerem Ausma\u00df eintreten. Der R\u00fccktritt kann binnen einer Woche erkl\u00e4rt werden, sobald f\u00fcr den Verbraucher erkennbar ist, dass die genannten Umst\u00e4nde nicht oder nur in erheblich geringerem Ausma\u00df eintreten und er eine schriftliche Belehrung \u00fcber dieses R\u00fccktrittsrecht erhalten hat. Das R\u00fccktrittsrecht erlischt jedoch sp\u00e4testens einen Monat nach der vollst\u00e4ndigen Erf\u00fcllung des Vertrages durch beide Vertragspartner. Die Erkl\u00e4rung des R\u00fccktritts ist an keine bestimmte Form gebunden. Die R\u00fccktrittsfrist ist gewahrt, wenn die R\u00fccktrittserkl\u00e4rung innerhalb der Frist abgesendet wird.<\/p>\n<p><strong>(5)<\/strong> Das R\u00fccktrittsrecht steht dem Verbraucher nicht zu, wenn er bereits bei den Vertragsverhandlungen wusste oder wissen musste, dass die ma\u00dfgeblichen Umst\u00e4nde nicht oder nur in erheblich geringerem Ausma\u00df eintreten werden, der Ausschluss des R\u00fccktrittsrechtes im Einzelnen ausgehandelt worden ist oder wir uns zu einer angemessenen Anpassung des Vertrages bereit erkl\u00e4ren.<\/p>\n<p><strong>(6)<\/strong> Die unmittelbaren Kosten der R\u00fccksendung der Ware sind vom Verbraucher zu tragen.<\/p>\n<h6>R\u00fccktrittsrecht (Widerrufsrecht) f\u00fcr Konsumenten nach dem Fern- und Ausw\u00e4rtsgesch\u00e4fte-Gesetz:<\/h6>\n<p><strong>(1)<\/strong> Der Kunde, der Verbraucher ist, kann von einem Fernabsatzvertrag oder einem au\u00dferhalb von Gesch\u00e4ftsr\u00e4umen geschlossenen Vertrag binnen 14 Tagen ohne Angabe von Gr\u00fcnden zur\u00fccktreten.<\/p>\n<p><strong>(2)<\/strong> Die R\u00fccktrittsfrist betr\u00e4gt:<br \/>\n1. im Falle eines Kaufvertrags vierzehn Tage ab dem Tag, an dem der Kunde oder ein von Ihnen benannter Dritter, der nicht der Bef\u00f6rderer ist, die Ware\/n in Besitz genommen haben bzw. hat.<br \/>\n2. im Falle eines Vertrags \u00fcber mehrere Waren, die der Verbraucher im Rahmen einer einheitlichen Bestellung bestellt hat und die getrennt geliefert werden vierzehn Tage ab dem Tag, an dem der Kunde oder ein von Ihm benannter Dritter, der nicht der Bef\u00f6rderer ist, die letzte Ware in Besitz genommen hat.<br \/>\n3. im Falle eines Vertrags \u00fcber die Lieferung einer Ware in mehreren Teilsendungen oder St\u00fccken vierzehn Tage ab dem Tag, an dem der Kunde oder ein vom benannter Dritter, der nicht der Bef\u00f6rderer ist, die letzte Teilsendung oder das letzte St\u00fcck in Besitz genommen hat.<\/p>\n<p><strong>(3)<\/strong> Um das R\u00fccktrittsrecht auszu\u00fcben, muss der Kunde uns (LACULES Austria e.U., Augasse 2, A-2751 Steinabr\u00fcckl, Tel.: +43 676 66 919 55, E-Mail: <a  href=\"javascript:smae_decode('ZXN0YXRlQGxhY3VsZXMuY29t');\" >&#101;&#115;&#116;&#097;&#116;&#101;&#064;&#108;&#097;&#099;&#117;&#108;&#101;&#115;&#046;&#099;&#111;&#109;<\/a>) mittels einer eindeutigen Erkl\u00e4rung (z.B. ein mit der Post versandter Brief oder E-Mail) \u00fcber seinen Entschluss, vom Vertrag zur\u00fcckzutreten, informieren. Der Kunde kann daf\u00fcr unser Muster-R\u00fccktrittsformular verwenden, dieses steht auf unserer Webseite in Form einer <a href=\"https:\/\/www.lacules.com\/olivenoel\/wp-content\/uploads\/Lacules_Widerrufsformular.pdf\" target=\"_blank\" rel=\"noopener\">PDF-Datei zum Download<\/a> bereit. Die Verwendung des Muster-R\u00fccktrittsformulars ist f\u00fcr einen wirksamen Widerruf nicht verpflichtend.<\/p>\n<div id=\"widerrufsformular\">\n<p><strong>Muster-Widerrufsformular<\/strong><\/p>\n<p>Wenn Sie den Vertrag widerrufen wollen, dann f\u00fcllen Sie bitte dieses Formular aus und senden Sie es zur\u00fcck.An:<\/p>\n<p>LACULES Austria e.U.<br \/>\nAugasse 2<br \/>\nA-2751 Steinabr\u00fcckl<br \/>\nE-Mail: <a  href=\"javascript:smae_decode('ZXN0YXRlQGxhY3VsZXMuY29t');\" >&#101;&#115;&#116;&#097;&#116;&#101;&#064;&#108;&#097;&#099;&#117;&#108;&#101;&#115;&#046;&#099;&#111;&#109;<\/a><\/p>\n<p>Hiermit widerrufe(n) ich\/wir (*) den von mir\/uns (*) abgeschlossenen Vertrag \u00fcber den Kauf der folgenden Waren (*)\/die Erbringung der folgenden Dienstleistung (*)<\/p>\n<p>Bestellt am (*)\/erhalten am (*)<\/p>\n<p>Name des\/der Verbraucher(s)<\/p>\n<p>Anschrift des\/der Verbraucher(s)<\/p>\n<p>Unterschrift des\/der Verbraucher(s) (nur bei Mitteilung auf Papier)<\/p>\n<p>Datum<\/p>\n<p>(*) Unzutreffendes streichen.<\/p>\n<\/div>\n<p><strong>(4)<\/strong> Das Widerrufsrecht besteht nicht bei Vertr\u00e4gen zur Lieferung von Waren, die nicht vorgefertigt sind und f\u00fcr deren Herstellung eine individuelle Auswahl oder Bestimmung durch den Verbraucher ma\u00dfgeblich ist oder die eindeutig auf die pers\u00f6nlichen Bed\u00fcrfnisse des Verbrauchers zugeschnitten sind. Dies betrifft insbesondere Waren, die auf Kundenwunsch individuell gefertigt werden.<\/p>\n<p><strong>(5)<\/strong> Zur Wahrung der R\u00fccktrittfrist reicht es aus, dass der Kunde die Mitteilung \u00fcber die Aus\u00fcbung des R\u00fccktrittsrechts vor Ablauf der R\u00fccktrittsfrist an folgende Anschrift absendet:<\/p>\n<p>LACULES Austria e.U.<br \/>\nAugasse 2<br \/>\nA-2751 Steinabr\u00fcckl<br \/>\nE-Mail: <a  href=\"javascript:smae_decode('ZXN0YXRlQGxhY3VsZXMuY29t');\" >&#101;&#115;&#116;&#097;&#116;&#101;&#064;&#108;&#097;&#099;&#117;&#108;&#101;&#115;&#046;&#099;&#111;&#109;<\/a><\/p>\n<p><strong>(6)<\/strong> Bei Widerruf des Vertrags, erstatten wir alle geleisteten Zahlungen, einschlie\u00dflich der Versandkosten, unverz\u00fcglich und sp\u00e4testens binnen vierzehn Tagen ab dem Tag, an dem die Mitteilung des Kunden \u00fcber den Widerruf des Vertrags bei uns eingegangen ist. Nicht erstattet werden etwaige Zusatzkosten, die aus einer anderen Art der Lieferung als die von uns angebotene, g\u00fcnstigste Standardlieferung resultieren. Die R\u00fcckzahlung erfolgt in der Form der urspr\u00fcnglichen Bezahlung (d.h. Gutschrift auf Kreditkarte oder R\u00fcckbuchung auf das Kundenkonto). In keinem Fall werden dem Kunden wegen dieser R\u00fcckzahlung Entgelte berechnet. Wir k\u00f6nnen die R\u00fcckzahlung verweigern, bis wir die Waren wieder zur\u00fcckerhalten haben oder bis der Kunde den Nachweis erbracht hat, dass die Waren zur\u00fcckgesandt wurden.<\/p>\n<p><strong>(8)<\/strong> Die Ware muss innerhalb der R\u00fccktrittsfrist an die unten angef\u00fchrte Retourenadresse in einer versandgeeigneten, im besten Fall in Originalverpackung zur\u00fcckgesandt werden.<\/p>\n<p><strong>Retourenadresse:<\/strong><br \/>\nLACULES Austria e.U., Barbara Gruber<br \/>\nAugasse 2<br \/>\nA-2751 Steinabr\u00fcckl<\/p>\n<p><strong>(9)<\/strong> Der Kunde hat die unmittelbaren Kosten der R\u00fccksendung zu tragen. Die Ware samt Verpackung ist bis zum Ablauf der R\u00fccktrittsfrist schonend zu behandeln.<\/p>\n<p><strong>(10)<\/strong> Den Wertverlust der Waren, welcher auf einen Umgang mit der Ware zur\u00fcckzuf\u00fchren ist, der nicht zur Pr\u00fcfung der Beschaffenheit, Eigenschaften und Funktionsweise der Waren notwendig war, hat der Kunde zu ersetzen. Den Wertverlust, der darauf zur\u00fcckzuf\u00fchren ist, dass eine Flasche angebrochen wurde, hat der Kunde daher in voller H\u00f6he zu ersetzen.<\/p>\n","protected":false},"excerpt":{"rendered":"<p>Widerrufsbelehrung R\u00fccktrittsrecht f\u00fcr Konsumenten nach dem Konsumentenschutzgesetz: (1) Hat der Kunde, der Verbraucher ist, seine Vertragserkl\u00e4rung weder in den von uns f\u00fcr unsere gesch\u00e4ftlichen Zwecke dauernd ben\u00fctzten R\u00e4umen noch bei&#8230;<\/p>\n","protected":false},"author":1,"featured_media":0,"parent":0,"menu_order":0,"comment_status":"closed","ping_status":"closed","template":"","meta":{"footnotes":""},"class_list":["post-106","page","type-page","status-publish"],"_links":{"self":[{"href":"https:\/\/www.lacules.com\/olivenoel\/wp-json\/wp\/v2\/pages\/106","targetHints":{"allow":["GET"]}}],"collection":[{"href":"https:\/\/www.lacules.com\/olivenoel\/wp-json\/wp\/v2\/pages"}],"about":[{"href":"https:\/\/www.lacules.com\/olivenoel\/wp-json\/wp\/v2\/types\/page"}],"author":[{"embeddable":true,"href":"https:\/\/www.lacules.com\/olivenoel\/wp-json\/wp\/v2\/users\/1"}],"replies":[{"embeddable":true,"href":"https:\/\/www.lacules.com\/olivenoel\/wp-json\/wp\/v2\/comments?post=106"}],"version-history":[{"count":5,"href":"https:\/\/www.lacules.com\/olivenoel\/wp-json\/wp\/v2\/pages\/106\/revisions"}],"predecessor-version":[{"id":233,"href":"https:\/\/www.lacules.com\/olivenoel\/wp-json\/wp\/v2\/pages\/106\/revisions\/233"}],"wp:attachment":[{"href":"https:\/\/www.lacules.com\/olivenoel\/wp-json\/wp\/v2\/media?parent=106"}],"curies":[{"name":"wp","href":"https:\/\/api.w.org\/{rel}","templated":true}]}}