
{"id":105,"date":"2023-02-02T13:16:18","date_gmt":"2023-02-02T12:16:18","guid":{"rendered":"https:\/\/www.lacules.com\/oel\/agb\/"},"modified":"2023-03-03T10:53:31","modified_gmt":"2023-03-03T09:53:31","slug":"agb","status":"publish","type":"page","link":"https:\/\/www.lacules.com\/olivenoel\/agb\/","title":{"rendered":"AGB"},"content":{"rendered":"[vc_row type=&#8220;in_container&#8220; full_screen_row_position=&#8220;middle&#8220; column_margin=&#8220;default&#8220; column_direction=&#8220;default&#8220; column_direction_tablet=&#8220;default&#8220; column_direction_phone=&#8220;default&#8220; scene_position=&#8220;center&#8220; text_color=&#8220;dark&#8220; text_align=&#8220;left&#8220; row_border_radius=&#8220;none&#8220; row_border_radius_applies=&#8220;bg&#8220; overflow=&#8220;visible&#8220; overlay_strength=&#8220;0.3&#8243; gradient_direction=&#8220;left_to_right&#8220; shape_divider_position=&#8220;bottom&#8220; bg_image_animation=&#8220;none&#8220;][vc_column column_padding=&#8220;no-extra-padding&#8220; column_padding_tablet=&#8220;inherit&#8220; column_padding_phone=&#8220;inherit&#8220; column_padding_position=&#8220;all&#8220; column_element_direction_desktop=&#8220;default&#8220; column_element_spacing=&#8220;default&#8220; desktop_text_alignment=&#8220;default&#8220; tablet_text_alignment=&#8220;default&#8220; phone_text_alignment=&#8220;default&#8220; background_color_opacity=&#8220;1&#8243; background_hover_color_opacity=&#8220;1&#8243; column_backdrop_filter=&#8220;none&#8220; column_shadow=&#8220;none&#8220; column_border_radius=&#8220;none&#8220; column_link_target=&#8220;_self&#8220; column_position=&#8220;default&#8220; gradient_direction=&#8220;left_to_right&#8220; overlay_strength=&#8220;0.3&#8243; width=&#8220;1\/1&#8243; tablet_width_inherit=&#8220;default&#8220; animation_type=&#8220;default&#8220; bg_image_animation=&#8220;none&#8220; border_type=&#8220;simple&#8220; column_border_width=&#8220;none&#8220; column_border_style=&#8220;solid&#8220;][vc_column_text]\n<h1>Allgemeine Gesch\u00e4ftsbedingungen (B2C)<\/h1>\n<h4>LACULES Austria e.U., FN 440800 k<\/h4>\n<h6 style=\"padding-top: 40px;\">Allgemeines:<\/h6>\n<p>Dem Gesch\u00e4ftsverkehr der LACULES Austria e.U., FN 440800\u00a0k, mit Kunden, die Verbraucher sind, liegen ausschlie\u00dflich diese Allgemeinen Gesch\u00e4ftsbedingungen zugrunde. Die nachstehenden Bedingungen sind Bestandteil aller Vertr\u00e4ge, die wir mit unseren Kunden \u00fcber die von uns angebotenen Lieferungen oder Leistungen abschlie\u00dfen. Klarstellend wird festgehalten, dass die Abgabe nur an Endverbraucher erfolgt.<\/p>\n<p>Wir sind berechtigt, die Allgemeinen Gesch\u00e4ftsbedingungen zu \u00e4ndern oder zu erg\u00e4nzen. Im Fall von \u00c4nderungen dieser Allgemeinen Gesch\u00e4ftsbedingungen gilt die zum Zeitpunkt der Bestellung im Internet ver\u00f6ffentlichte Fassung. Die Vertrags-, Bestell- und Gesch\u00e4ftssprache ist Deutsch. Die Gesch\u00e4ftst\u00e4tigkeit des Unternehmens richtet sich beim Vertragsabschluss \u00fcber den Online-Webshop ausschlie\u00dflich auf die Republik \u00d6sterreich und die Bundesrepublik Deutschland. Ein Onlineversand in andere als die zuvor genannten Staaten findet nicht statt.<\/p>\n<p>Mit dem Anklicken der Checkbox im Warenkorb vor Abgabe der Bestellung \u201eIch stimme den Gesch\u00e4ftsbedingungen zu\u201c, erkl\u00e4rt sich der Kunde mit diesen Allgemeinen Gesch\u00e4ftsbedingungen einverstanden und an sie gebunden.<\/p>\n<h6>Angebot, Vertragsabschluss:<\/h6>\n<p>Alle Angebote auf unserer Website sind freibleibend und unverbindlich und nur erh\u00e4ltlich solange der Vorrat reicht. Der Online-Shop stellt daher eine unverbindliche \u00dcbersicht und Information \u00fcber unsere Produkte dar. Die Bestellung des voll gesch\u00e4ftsf\u00e4higen Kunden (Personen ab dem 18. Lebensjahr) stellt ein Angebot zum Abschluss eines Kaufvertrages dar.<\/p>\n<p>Wenn der Kunde das gew\u00fcnschte Produkt ausgew\u00e4hlt hat, kann dieses unverbindlich durch Anklicken des Buttons &#8222;in den Warenkorb&#8220; in den Warenkorb gelegt werden. Den Inhalt des Warenkorbs kann der Kunde jederzeit durch Anklicken des Buttons &#8222;Mein Warenkorb&#8220; unverbindlich ansehen. Die Produkte kann der Kunde jederzeit durch Anklicken des Buttons &#8222;Ware l\u00f6schen&#8220; wieder aus dem Warenkorb entfernen. Wenn der Kunde die Produkte im Warenkorb kaufen will, klickt der Kunde auf den Button &#8222;Bestellung durchf\u00fchren&#8220;. Der Kunde wird sodann aufgefordert, die ben\u00f6tigten Daten einzugeben. Nach Eingabe der Daten und Auswahl der Art der Zahlung und Lieferung gelangt der Kunde zur Bestellseite, auf der die Eingaben nochmals \u00fcberpr\u00fcft werden k\u00f6nnen. Durch Anklicken des Buttons &#8222;kostenpflichtig\u00a0bestellen&#8220; schlie\u00dft der Kunde den Bestellvorgang ab.<\/p>\n<p>Wenn die Bestellung bei uns eingelangt ist, wird der Kunde \u00fcber die von ihm bekanntgegebene Email-Adresse vom Eingang seiner Bestellung verst\u00e4ndigt. Diese von uns verschickte Best\u00e4tigung des Eingangs der Bestellung iSd \u00a7 10 Abs 2 ECG stellt noch keine Annahme des Angebotes dar. Der Kaufvertrag kommt erst zustande, sobald wir die bestellte Ware ausliefern, durch den Versand einer zweiten E-Mail als Vertragsbest\u00e4tigung oder durch sonstige Annahme des Kundenangebots.<\/p>\n<p>Unsere Angaben zum Gegenstand der Lieferung oder Leistung, beispielsweise Flaschen, Ma\u00dfe und Toleranzen sowie unsere Darstellungen desselben, beispielsweise Zeichnungen, Abbildungen und Muster, sind nur ann\u00e4hernd ma\u00dfgeblich, soweit nicht die Verwendbarkeit zum vertraglich vorgesehenen Zweck eine genaue \u00dcbereinstimmung voraussetzt. Sie sind keine garantierten Beschaffenheitsmerkmale, sondern Beschreibungen oder Kennzeichnungen der Lieferung oder Leistung. Handels\u00fcbliche Abweichungen und Abweichungen, die aufgrund rechtlicher Vorschriften erfolgen oder qualitative Verbesserungen darstellen, sind zul\u00e4ssig, soweit sie die Verwendbarkeit zum vertraglich vorausgesehenen Zweck nicht beeintr\u00e4chtigen.<\/p>\n<p>Wir sind berechtigt, Folgebestellungen des Kunden zur\u00fcckzuweisen, sofern unsere f\u00e4lligen Forderungen gegen den Kunden samt Mahnspesen nicht zur G\u00e4nze bezahlt sind.<\/p>\n<h6>Preise und Zahlungsbedingungen:<\/h6>\n<p>Alle Preise verstehen sich inklusive aller Abgaben und Steuern einschlie\u00dflich Umsatzsteuer, aber ohne Versandkosten. Auf die jeweiligen Versandkosten wird der Kunde beim Bestellvorgang hingewiesen. Ma\u00dfgeblich sind stets die zum Zeitpunkt der Bestellung g\u00fcltigen Preise. Mit Aktualisierung der Internetseiten werden alle bisherigen Preise und Angaben \u00fcber Waren ung\u00fcltig. Der Bezahlvorgang erfolgt sofort im Online-Shop.<\/p>\n<h6>R\u00fccktrittsrecht f\u00fcr Konsumenten nach dem Konsumentenschutzgesetz:<\/h6>\n<p><strong>(1)<\/strong> Hat der Kunde, der Verbraucher ist, seine Vertragserkl\u00e4rung weder in den von uns f\u00fcr unsere gesch\u00e4ftlichen Zwecke dauernd ben\u00fctzten R\u00e4umen noch bei einem von uns daf\u00fcr auf einer Messe oder einem Markt ben\u00fctzten Stand abgegeben, so kann er von seinem Vertragsantrag oder vom Vertrag binnen 14 Tagen zur\u00fccktreten. Dieser R\u00fccktritt kann bis zum Zustandekommen des Vertrags oder danach binnen 14 Tagen erkl\u00e4rt werden. Die Frist beginnt mit der Ausfolgung einer Urkunde an den Verbraucher zu laufen, die zumindest unseren Namen und unsere Anschrift sowie eine Information \u00fcber das R\u00fccktrittsrecht enth\u00e4lt, fr\u00fchestens jedoch mit dem Zustandekommen des Vertrages; bei Kaufvertr\u00e4gen \u00fcber Waren beginnt der Fristenlauf fr\u00fchestens mit dem Tag, an dem der Verbraucher den Besitz der Ware erlangt. Ist die Ausfolgung einer solchen Urkunde unterblieben, so verl\u00e4ngert sich die R\u00fccktrittsfrist um zw\u00f6lf Monate. Wenn wir die Urkundenausfolgung innerhalb von zw\u00f6lf Monaten ab dem Fristbeginn nachholen, endet die R\u00fccktrittsfrist 14 Tage nach dem Zeitpunkt, zu dem der Verbraucher die Urkunde erh\u00e4lt.<\/p>\n<p><strong>(2)<\/strong> Das R\u00fccktrittsrecht steht dem Verbraucher nicht zu, wenn er selbst die gesch\u00e4ftliche Verbindung mit uns angebahnt hat oder dem Zustandekommen des Vertrages keine Besprechungen zwischen den Beteiligten vorangegangen sind oder bei Vertragserkl\u00e4rungen, die der Verbraucher in k\u00f6rperlicher Abwesenheit des Unternehmers abgegeben hat, es sei denn, dass er dazu vom Unternehmer gedr\u00e4ngt worden ist.<\/p>\n<p><strong>(3)<\/strong> Die Erkl\u00e4rung des R\u00fccktritts ist an keine bestimmte Form gebunden. Die R\u00fccktrittsfrist ist gewahrt, wenn die R\u00fccktrittserkl\u00e4rung innerhalb der Frist abgesendet wird.<\/p>\n<p><strong>(4)<\/strong> Der Verbraucher kann von seinem Vertragsantrag oder vom Vertrag weiters zur\u00fccktreten, wenn ohne seine Veranlassung f\u00fcr seine Einwilligung ma\u00dfgebliche Umst\u00e4nde, wie z.B. Zustimmung Dritter, Aussicht auf steuerliche Vorteile oder \u00f6ffentliche F\u00f6rderungen oder einen Kredit, die wir im Zuge der Vertragsverhandlungen als wahrscheinlich dargestellt haben, nicht oder nur in erheblich geringerem Ausma\u00df eintreten. Der R\u00fccktritt kann binnen einer Woche erkl\u00e4rt werden, sobald f\u00fcr den Verbraucher erkennbar ist, dass die genannten Umst\u00e4nde nicht oder nur in erheblich geringerem Ausma\u00df eintreten und er eine schriftliche Belehrung \u00fcber dieses R\u00fccktrittsrecht erhalten hat. Das R\u00fccktrittsrecht erlischt jedoch sp\u00e4testens einen Monat nach der vollst\u00e4ndigen Erf\u00fcllung des Vertrages durch beide Vertragspartner. Die Erkl\u00e4rung des R\u00fccktritts ist an keine bestimmte Form gebunden. Die R\u00fccktrittsfrist ist gewahrt, wenn die R\u00fccktrittserkl\u00e4rung innerhalb der Frist abgesendet wird.<\/p>\n<p><strong>(5)<\/strong> Das R\u00fccktrittsrecht steht dem Verbraucher nicht zu, wenn er bereits bei den Vertragsverhandlungen wusste oder wissen musste, dass die ma\u00dfgeblichen Umst\u00e4nde nicht oder nur in erheblich geringerem Ausma\u00df eintreten werden, der Ausschluss des R\u00fccktrittsrechtes im Einzelnen ausgehandelt worden ist oder wir uns zu einer angemessenen Anpassung des Vertrages bereit erkl\u00e4ren.<\/p>\n<p><strong>(6)<\/strong> Die unmittelbaren Kosten der R\u00fccksendung der Ware sind vom Verbraucher zu tragen.<\/p>\n<h6>R\u00fccktrittsrecht (Widerrufsrecht) f\u00fcr Konsumenten nach dem Fern- und Ausw\u00e4rtsgesch\u00e4fte-Gesetz:<\/h6>\n<p><strong>(1)<\/strong> Der Kunde, der Verbraucher ist, kann von einem Fernabsatzvertrag oder einem au\u00dferhalb von Gesch\u00e4ftsr\u00e4umen geschlossenen Vertrag binnen 14 Tagen ohne Angabe von Gr\u00fcnden zur\u00fccktreten.<\/p>\n<p><strong>(2)<\/strong> Die R\u00fccktrittsfrist betr\u00e4gt:<br \/>\n1. im Falle eines Kaufvertrags vierzehn Tage ab dem Tag, an dem der Kunde oder ein von Ihnen benannter Dritter, der nicht der Bef\u00f6rderer ist, die Ware\/n in Besitz genommen haben bzw. hat.<br \/>\n2. im Falle eines Vertrags \u00fcber mehrere Waren, die der Verbraucher im Rahmen einer einheitlichen Bestellung bestellt hat und die getrennt geliefert werden vierzehn Tage ab dem Tag, an dem der Kunde oder ein von Ihm benannter Dritter, der nicht der Bef\u00f6rderer ist, die letzte Ware in Besitz genommen hat.<br \/>\n3. im Falle eines Vertrags \u00fcber die Lieferung einer Ware in mehreren Teilsendungen oder St\u00fccken vierzehn Tage ab dem Tag, an dem der Kunde oder ein vom benannter Dritter, der nicht der Bef\u00f6rderer ist, die letzte Teilsendung oder das letzte St\u00fcck in Besitz genommen hat.[\/vc_column_text][vc_column_text]<strong>(3)<\/strong> Um das R\u00fccktrittsrecht auszu\u00fcben, muss der Kunde uns (LACULES Austria e.U., Augasse 2, A-2751 Steinabr\u00fcckl, Tel.: +43 676 66 919 55, E-Mail: <a  href=\"javascript:smae_decode('ZXN0YXRlQGxhY3VsZXMuY29t');\" >&#101;&#115;&#116;&#097;&#116;&#101;&#064;&#108;&#097;&#099;&#117;&#108;&#101;&#115;&#046;&#099;&#111;&#109;<\/a>) mittels einer eindeutigen Erkl\u00e4rung (z.B. ein mit der Post versandter Brief oder E-Mail) \u00fcber seinen Entschluss, vom Vertrag zur\u00fcckzutreten, informieren. Der Kunde kann daf\u00fcr unser Muster-R\u00fccktrittsformular verwenden, dieses <a href=\"https:\/\/www.lacules.com\/olivenoel\/widerrufsbelehrung\/\">steht auf unserer Webseite<\/a> und in Form einer <a href=\"https:\/\/www.lacules.com\/olivenoel\/wp-content\/uploads\/Lacules_Widerrufsformular.pdf\" target=\"_blank\" rel=\"noopener\">PDF-Datei zum Download<\/a> bereit. Die Verwendung des Muster-R\u00fccktrittsformulars ist f\u00fcr einen wirksamen Widerruf nicht verpflichtend.<\/p>\n<div id=\"widerrufsformular\">\n<h5>Muster-Widerrufsformular<\/h5>\n<p>Wenn Sie den Vertrag widerrufen wollen, dann f\u00fcllen Sie bitte dieses Formular aus und senden Sie es zur\u00fcck.<\/p>\n<p>An:<br \/>\nLACULES Austria e.U.<br \/>\nAugasse 2<br \/>\nA-2751 Steinabr\u00fcckl<br \/>\nE-Mail: <a  href=\"javascript:smae_decode('ZXN0YXRlQGxhY3VsZXMuY29t');\" >&#101;&#115;&#116;&#097;&#116;&#101;&#064;&#108;&#097;&#099;&#117;&#108;&#101;&#115;&#046;&#099;&#111;&#109;<\/a><\/p>\n<p>Hiermit widerrufe(n) ich\/wir (*) den von mir\/uns (*) abgeschlossenen Vertrag \u00fcber den Kauf der folgenden Waren (*)\/die Erbringung der folgenden Dienstleistung (*)<\/p>\n<p>Bestellt am (*)\/erhalten am (*)<\/p>\n<p>&nbsp;<\/p>\n<p>Name des\/der Verbraucher(s)<\/p>\n<p>&nbsp;<\/p>\n<p>Anschrift des\/der Verbraucher(s)<\/p>\n<p>&nbsp;<\/p>\n<p>Unterschrift des\/der Verbraucher(s) (nur bei Mitteilung auf Papier)<\/p>\n<p>&nbsp;<\/p>\n<p>Datum<\/p>\n<p><em>(*) Unzutreffendes streichen.<\/em><\/p>\n<\/div>\n<p><strong>(4)<\/strong> Das Widerrufsrecht besteht nicht bei Vertr\u00e4gen zur Lieferung von Waren, die nicht vorgefertigt sind und f\u00fcr deren Herstellung eine individuelle Auswahl oder Bestimmung durch den Verbraucher ma\u00dfgeblich ist oder die eindeutig auf die pers\u00f6nlichen Bed\u00fcrfnisse des Verbrauchers zugeschnitten sind. Dies betrifft insbesondere Waren, die auf Kundenwunsch individuell gefertigt werden.<\/p>\n<p><strong>(5)<\/strong> Zur Wahrung der R\u00fccktrittfrist reicht es aus, dass der Kunde die Mitteilung \u00fcber die Aus\u00fcbung des R\u00fccktrittsrechts vor Ablauf der R\u00fccktrittsfrist an folgende Anschrift absendet:<\/p>\n<p>LACULES Austria e.U.<br \/>\nAugasse 2<br \/>\nA-2751 Steinabr\u00fcckl<br \/>\nE-Mail: <a  href=\"javascript:smae_decode('ZXN0YXRlQGxhY3VsZXMuY29t');\" >&#101;&#115;&#116;&#097;&#116;&#101;&#064;&#108;&#097;&#099;&#117;&#108;&#101;&#115;&#046;&#099;&#111;&#109;<\/a><\/p>\n<p><strong>(6)<\/strong> Bei Widerruf des Vertrags, erstatten wir alle geleisteten Zahlungen, einschlie\u00dflich der Versandkosten, unverz\u00fcglich und sp\u00e4testens binnen vierzehn Tagen ab dem Tag, an dem die Mitteilung des Kunden \u00fcber den Widerruf des Vertrags bei uns eingegangen ist. Nicht erstattet werden etwaige Zusatzkosten, die aus einer anderen Art der Lieferung als die von uns angebotene, g\u00fcnstigste Standardlieferung resultieren. Die R\u00fcckzahlung erfolgt in der Form der urspr\u00fcnglichen Bezahlung (d.h. Gutschrift auf Kreditkarte oder R\u00fcckbuchung auf das Kundenkonto). In keinem Fall werden dem Kunden wegen dieser R\u00fcckzahlung Entgelte berechnet. Wir k\u00f6nnen die R\u00fcckzahlung verweigern, bis wir die Waren wieder zur\u00fcckerhalten haben oder bis der Kunde den Nachweis erbracht hat, dass die Waren zur\u00fcckgesandt wurden.<\/p>\n<p><strong>(8)<\/strong> Die Ware muss innerhalb der R\u00fccktrittsfrist an die unten angef\u00fchrte Retourenadresse in einer versandgeeigneten, im besten Fall in Originalverpackung zur\u00fcckgesandt werden.<\/p>\n<p><strong>Retourenadresse:<\/strong><br \/>\nLACULES Austria e.U., Barbara Gruber<br \/>\nAugasse 2<br \/>\nA-2751 Steinabr\u00fcckl<\/p>\n<p><strong>(9)<\/strong> Der Kunde hat die unmittelbaren Kosten der R\u00fccksendung zu tragen. Die Ware samt Verpackung ist bis zum Ablauf der R\u00fccktrittsfrist schonend zu behandeln.<\/p>\n<p><strong>(10)<\/strong> Den Wertverlust der Waren, welcher auf einen Umgang mit der Ware zur\u00fcckzuf\u00fchren ist, der nicht zur Pr\u00fcfung der Beschaffenheit, Eigenschaften und Funktionsweise der Waren notwendig war, hat der Kunde zu ersetzen. Den Wertverlust, der darauf zur\u00fcckzuf\u00fchren ist, dass eine Flasche angebrochen wurde, hat der Kunde daher in voller H\u00f6he zu ersetzen.<\/p>\n<h6>Erf\u00fcllung, Gefahren\u00fcbergang, Lieferfristen:<\/h6>\n<p>Erf\u00fcllungsort f\u00fcr Lieferungen und Zahlungen ist der Sitz unseres Unternehmens. Beim Versand der Ware geht die Gefahr f\u00fcr den Verlust oder die Besch\u00e4digung der Ware erst auf den Kunden \u00fcber, sobald die Ware an den Kunden oder an einen von diesem bestimmten, vom Bef\u00f6rderer verschiedenen Dritten abgeliefert wurde. Hat der Kunde den Bef\u00f6rderungsvertrag selbst geschlossen, ohne dabei eine vorgeschlagene Auswahlm\u00f6glichkeit zu n\u00fctzen, so geht die Gefahr bereits mit der Aush\u00e4ndigung der Ware an den Bef\u00f6rderer \u00fcber.<\/p>\n<p>Die <a href=\"https:\/\/www.lacules.com\/olivenoel\/versand-zahlung\/\">Lieferfristen<\/a> sind in unserem Webshop ersichtlich. Sofern wir ohne Verschulden zur Lieferung der bestellten Ware nicht in der Lage sind, weil der Vorlieferant seine vertraglichen Verpflichtungen nicht erf\u00fcllt hat, oder ist die bestellte Ware f\u00fcr einen Zeitraum von mindestens einem Monat wegen h\u00f6herer Gewalt nicht verf\u00fcgbar ist, k\u00f6nnen wir vom Kaufvertrag zur\u00fccktreten. Im Falle eines R\u00fccktritts werden bereits geleistete Zahlungen unverz\u00fcglich erstatten.<\/p>\n<h6>Zahlung, Aufrechnungsverbot:<\/h6>\n<p>Eine Aufrechnung gegen unsere Anspr\u00fcche mit Gegenforderungen ist ausgeschlossen, es sei denn, die Forderung des Kunden steht in einem rechtlichen Zusammenhang mit seiner Zahlungsverpflichtung und ist gerichtlich festgestellt oder von uns anerkannt worden. Zahlungen des Kunden tilgen zuerst die Zinsen, Nebenspesen und Kosten, danach das aushaftende Kapital, wobei unbesicherte Schulden vor besicherten Schulden getilgt werden, beginnend bei der \u00e4ltesten Schuld.<\/p>\n<h6>Gew\u00e4hrleistung und Haftung:<\/h6>\n<p>Ist der Kunde Verbraucher, gelten die gesetzlichen Gew\u00e4hrleistungsbestimmungen. Bei berechtigt beanstandeten M\u00e4ngeln wird entweder kostenloser Ersatz oder Verbesserung vorgenommen, wof\u00fcr eine angemessene Frist einzur\u00e4umen ist. Auftretende M\u00e4ngel sind uns m\u00f6glichst bei Ablieferung, ansonsten bei deren Auftreten bekannt zu geben. F\u00fcr Sch\u00e4den, die durch eine unsachgem\u00e4\u00dfe Verwendung oder Behandlung der Waren entstanden sind oder auf eine gew\u00f6hnliche Abnutzung zur\u00fcckzuf\u00fchren sind, wird keine Gew\u00e4hr geleistet.<\/p>\n<p>Unsere Haftung f\u00fcr leicht fahrl\u00e4ssig verursachte Sch\u00e4den ist ausgeschlossen, sofern nicht Personensch\u00e4den und Anspr\u00fcche nach dem Produkthaftungsgesetz betroffen sind. Die Haftung f\u00fcr die Verletzung von Pflichten, deren Erf\u00fcllung die ordnungsgem\u00e4\u00dfe Durchf\u00fchrung des Vertrages \u00fcberhaupt erst erm\u00f6glicht und auf deren Einhaltung der Kunde regelm\u00e4\u00dfig vertrauen darf, ist davon nicht betroffen.<\/p>\n<h6>Datenschutz:<\/h6>\n<p>Soweit der Kunde uns personenbezogene Daten zur Verf\u00fcgung stellt, werden diese ausschlie\u00dflich zur Durchf\u00fchrung des Vertrages verwendet, soweit der Kunde einer weitergehenden Verwendung seiner Daten nicht ausdr\u00fccklich zugestimmt hat. Kundendaten werden grunds\u00e4tzlich nicht an Dritte weitergegeben. Eine Ausnahme davon ist die Weitergabe an sorgf\u00e4ltig ausgew\u00e4hlte Dienstleister insbesondere unsere automationsunterst\u00fctzte Buchhaltungssoftware sevDesk, f\u00fcr die Durchf\u00fchrung einzelner Datenverarbeitungen im Auftrag und auf ausdr\u00fcckliche Weisung von uns. Der Kunde hat jederzeit das Recht auf Auskunft \u00fcber die ihn betreffenden personenbezogenen Daten. Soweit keine gesetzliche Aufbewahrungspflicht besteht, hat er das Recht auf L\u00f6schung dieser Daten sowie Widerspruch gegen die Verarbeitung. Ferner hat er das Recht auf Berichtigung der Daten sowie auf Einschr\u00e4nkung der Verarbeitung, auf Daten\u00fcbertragbarkeit sowie auf Beschwerde bei der \u00d6sterreichischen Datenschutzbeh\u00f6rde (Wickenburggasse 8-10, 1080 Wien, E-Mail: <a  href=\"javascript:smae_decode('ZHNiQGRzYi5ndi5hdA==');\" >&#100;&#115;&#098;&#064;&#100;&#115;&#098;&#046;&#103;&#118;&#046;&#097;&#116;<\/a>).<\/p>\n<p><strong>Hinweis auf die EU-Plattform zur Streitbeilegung<\/strong><br \/>\nDer Kunde nimmt zur Kenntnis, dass von der Europ\u00e4ischen Kommission eine Plattform zur Online-Streitbeilegung verbraucherrechtlicher Streitigkeiten bereitgestellt wird. Diese Plattform erm\u00f6glicht es, Streitigkeiten aus Online-Rechtsgesch\u00e4ften au\u00dfergerichtlich beizulegen. Die Plattform zur au\u00dfergerichtlichen Online\u2013Streitbeilegung der EU-Kommission befindet sich unter <a href=\"http:\/\/ec.europa.eu\/consumers\/odr\/\" target=\"_blank\" rel=\"noopener\">http:\/\/ec.europa.eu\/consumers\/odr\/<\/a>.<\/p>\n<p><strong>Gerichtsstand und anwendbares Recht<\/strong><br \/>\nF\u00fcr Vertr\u00e4ge mit Verbrauchern aus einem Mitgliedstaat der EU hat der Verbraucher die Wahl zwischen seinem Wohnsitzgericht und dem Gerichtsstand am Sitz des Unternehmens. Die Vertragsparteien vereinbaren, soweit keine zwingenden gesetzlichen Bestimmungen entgegenstehen, die Anwendbarkeit \u00f6sterreichischen Rechts. Das UN-Kaufrecht sowie s\u00e4mtliche Bestimmungen, die sich auf das UN-Kaufrecht beziehen, werden ausdr\u00fccklich ausgeschlossen. F\u00fcr Verbraucher innerhalb der EU gelten deren nationale zwingende verbraucherrechtliche Bestimmungen, es sei denn, die jeweiligen \u00f6sterreichischen Bestimmungen sind f\u00fcr den Verbraucher g\u00fcnstiger.[\/vc_column_text][\/vc_column][\/vc_row]\n","protected":false},"excerpt":{"rendered":"<p>[vc_row type=&#8220;in_container&#8220; full_screen_row_position=&#8220;middle&#8220; column_margin=&#8220;default&#8220; column_direction=&#8220;default&#8220; column_direction_tablet=&#8220;default&#8220; column_direction_phone=&#8220;default&#8220; scene_position=&#8220;center&#8220; text_color=&#8220;dark&#8220; text_align=&#8220;left&#8220; row_border_radius=&#8220;none&#8220; row_border_radius_applies=&#8220;bg&#8220; overflow=&#8220;visible&#8220; overlay_strength=&#8220;0.3&#8243; gradient_direction=&#8220;left_to_right&#8220; shape_divider_position=&#8220;bottom&#8220; bg_image_animation=&#8220;none&#8220;][vc_column column_padding=&#8220;no-extra-padding&#8220; column_padding_tablet=&#8220;inherit&#8220; column_padding_phone=&#8220;inherit&#8220; column_padding_position=&#8220;all&#8220; column_element_direction_desktop=&#8220;default&#8220; column_element_spacing=&#8220;default&#8220; desktop_text_alignment=&#8220;default&#8220; tablet_text_alignment=&#8220;default&#8220; phone_text_alignment=&#8220;default&#8220; background_color_opacity=&#8220;1&#8243; background_hover_color_opacity=&#8220;1&#8243; column_backdrop_filter=&#8220;none&#8220; column_shadow=&#8220;none&#8220;&#8230;<\/p>\n","protected":false},"author":1,"featured_media":0,"parent":0,"menu_order":0,"comment_status":"closed","ping_status":"closed","template":"","meta":{"footnotes":""},"class_list":["post-105","page","type-page","status-publish"],"_links":{"self":[{"href":"https:\/\/www.lacules.com\/olivenoel\/wp-json\/wp\/v2\/pages\/105","targetHints":{"allow":["GET"]}}],"collection":[{"href":"https:\/\/www.lacules.com\/olivenoel\/wp-json\/wp\/v2\/pages"}],"about":[{"href":"https:\/\/www.lacules.com\/olivenoel\/wp-json\/wp\/v2\/types\/page"}],"author":[{"embeddable":true,"href":"https:\/\/www.lacules.com\/olivenoel\/wp-json\/wp\/v2\/users\/1"}],"replies":[{"embeddable":true,"href":"https:\/\/www.lacules.com\/olivenoel\/wp-json\/wp\/v2\/comments?post=105"}],"version-history":[{"count":5,"href":"https:\/\/www.lacules.com\/olivenoel\/wp-json\/wp\/v2\/pages\/105\/revisions"}],"predecessor-version":[{"id":232,"href":"https:\/\/www.lacules.com\/olivenoel\/wp-json\/wp\/v2\/pages\/105\/revisions\/232"}],"wp:attachment":[{"href":"https:\/\/www.lacules.com\/olivenoel\/wp-json\/wp\/v2\/media?parent=105"}],"curies":[{"name":"wp","href":"https:\/\/api.w.org\/{rel}","templated":true}]}}